{"id":16,"date":"2026-03-14T10:52:00","date_gmt":"2026-03-14T10:52:00","guid":{"rendered":"https:\/\/marekgrabowski.pl\/?page_id=16"},"modified":"2026-04-02T07:26:16","modified_gmt":"2026-04-02T07:26:16","slug":"elementor-16","status":"publish","type":"page","link":"https:\/\/marekgrabowski.pl\/","title":{"rendered":"Start"},"content":{"rendered":"\t\t<div data-elementor-type=\"wp-page\" data-elementor-id=\"16\" class=\"elementor elementor-16\" data-elementor-post-type=\"page\">\n\t\t\t\t<div class=\"elementor-element elementor-element-bb05103 e-flex e-con-boxed e-con e-parent\" data-id=\"bb05103\" data-element_type=\"container\" data-e-type=\"container\">\n\t\t\t\t\t<div class=\"e-con-inner\">\n\t\t\t\t\t<\/div>\n\t\t\t\t<\/div>\n\t\t<div class=\"elementor-element elementor-element-66728ed e-con-full e-flex e-con e-parent\" data-id=\"66728ed\" data-element_type=\"container\" data-e-type=\"container\" data-settings=\"{&quot;background_background&quot;:&quot;classic&quot;}\">\n\t\t<div class=\"elementor-element elementor-element-360aba2 e-con-full e-flex e-con e-child\" data-id=\"360aba2\" data-element_type=\"container\" data-e-type=\"container\">\n\t\t\t\t<div class=\"elementor-element elementor-element-2141255 elementor-widget__width-initial elementor-widget elementor-widget-image\" data-id=\"2141255\" data-element_type=\"widget\" data-e-type=\"widget\" data-widget_type=\"image.default\">\n\t\t\t\t\t\t\t\t\t\t\t\t\t\t\t<img fetchpriority=\"high\" decoding=\"async\" width=\"773\" height=\"1024\" src=\"https:\/\/marekgrabowski.pl\/wp-content\/uploads\/2026\/03\/Marek-Grabowski-kopia-773x1024.jpg\" class=\"attachment-large size-large wp-image-26\" alt=\"\" srcset=\"https:\/\/marekgrabowski.pl\/wp-content\/uploads\/2026\/03\/Marek-Grabowski-kopia-773x1024.jpg 773w, https:\/\/marekgrabowski.pl\/wp-content\/uploads\/2026\/03\/Marek-Grabowski-kopia-226x300.jpg 226w, https:\/\/marekgrabowski.pl\/wp-content\/uploads\/2026\/03\/Marek-Grabowski-kopia-768x1017.jpg 768w, https:\/\/marekgrabowski.pl\/wp-content\/uploads\/2026\/03\/Marek-Grabowski-kopia.jpg 952w\" sizes=\"(max-width: 773px) 100vw, 773px\" \/>\t\t\t\t\t\t\t\t\t\t\t\t\t\t\t<\/div>\n\t\t\t\t<\/div>\n\t\t<div class=\"elementor-element elementor-element-8a3f977 e-con-full e-flex e-con e-child\" data-id=\"8a3f977\" data-element_type=\"container\" data-e-type=\"container\">\n\t\t\t\t<div class=\"elementor-element elementor-element-cbb3573 elementor-widget elementor-widget-heading\" data-id=\"cbb3573\" data-element_type=\"widget\" data-e-type=\"widget\" data-widget_type=\"heading.default\">\n\t\t\t\t\t<h2 class=\"elementor-heading-title elementor-size-default\">Autor publikacji Well-Being<\/h2>\t\t\t\t<\/div>\n\t\t\t\t<div class=\"elementor-element elementor-element-aaa89b5 elementor-widget elementor-widget-heading\" data-id=\"aaa89b5\" data-element_type=\"widget\" data-e-type=\"widget\" data-widget_type=\"heading.default\">\n\t\t\t\t\t<h2 class=\"elementor-heading-title elementor-size-default\">Marek Grabowski<\/h2>\t\t\t\t<\/div>\n\t\t\t\t<div class=\"elementor-element elementor-element-bb2fa30 elementor-widget elementor-widget-heading\" data-id=\"bb2fa30\" data-element_type=\"widget\" data-e-type=\"widget\" data-widget_type=\"heading.default\">\n\t\t\t\t\t<h2 class=\"elementor-heading-title elementor-size-default\">Tw\u00f3j Alchemik Spokoju<\/h2>\t\t\t\t<\/div>\n\t\t\t\t<div class=\"elementor-element elementor-element-5c5c932 elementor-widget elementor-widget-text-editor\" data-id=\"5c5c932\" data-element_type=\"widget\" data-e-type=\"widget\" data-widget_type=\"text-editor.default\">\n\t\t\t\t\t\t\t\t\t<p>\u00a0<\/p><p><span style=\"font-weight: bold;\">Autor, kt\u00f3ry zamienia cisz\u0119 i spok\u00f3j w sztuk\u0119.\u00a0<\/span><\/p><p><span style=\"font-size: 1rem;\">&#8222;<i>Pomagam zapracowanym osobom\u00a0<\/i><\/span><span style=\"font-size: 1rem;\"><i>odnale\u017a\u0107 wyciszenie, odpoczynek od z\u0142ych emocji i rado\u015b\u0107 \u2014 nawet wtedy\u00a0<\/i><\/span><span style=\"font-size: 1rem;\"><i>gdy ca\u0142y \u015bwiat wok\u00f3\u0142 pogania, a doba ma zbyt ma\u0142o godzin.<\/i>&#8222;<\/span><\/p>\t\t\t\t\t\t\t\t<\/div>\n\t\t\t\t<\/div>\n\t\t\t\t<\/div>\n\t\t<div class=\"elementor-element elementor-element-9ad63fa e-flex e-con-boxed e-con e-parent\" data-id=\"9ad63fa\" data-element_type=\"container\" data-e-type=\"container\">\n\t\t\t\t\t<div class=\"e-con-inner\">\n\t\t\t\t<div class=\"elementor-element elementor-element-c69e9b8 elementor-widget elementor-widget-spacer\" data-id=\"c69e9b8\" data-element_type=\"widget\" data-e-type=\"widget\" data-widget_type=\"spacer.default\">\n\t\t\t\t\t\t\t<div class=\"elementor-spacer\">\n\t\t\t<div class=\"elementor-spacer-inner\"><\/div>\n\t\t<\/div>\n\t\t\t\t\t\t<\/div>\n\t\t\t\t\t<\/div>\n\t\t\t\t<\/div>\n\t\t<div class=\"elementor-element elementor-element-ea94d65 e-con-full e-flex e-con e-parent\" data-id=\"ea94d65\" data-element_type=\"container\" data-e-type=\"container\" data-settings=\"{&quot;background_background&quot;:&quot;classic&quot;}\">\n\t\t<div class=\"elementor-element elementor-element-3a5effa e-con-full e-flex e-con e-child\" data-id=\"3a5effa\" data-element_type=\"container\" data-e-type=\"container\">\n\t\t\t\t<div class=\"elementor-element elementor-element-3601fda elementor-drop-cap-yes elementor-widget__width-inherit elementor-drop-cap-view-default elementor-widget elementor-widget-text-editor\" data-id=\"3601fda\" data-element_type=\"widget\" data-e-type=\"widget\" data-settings=\"{&quot;drop_cap&quot;:&quot;yes&quot;}\" data-widget_type=\"text-editor.default\">\n\t\t\t\t\t\t\t\t\t<div class=\"bio-quote\" style=\"margin: 1.8rem 0px; padding: 0.0rem 0rem; border-left: 3px solid #c8a45a; background: rgba(200, 164, 90, 0.07); font-family: 'Playfair Display', serif; font-size: 1.05rem; font-style: italic; color: #2c1a0e; line-height: 1.7;\"><b>&#8222;Spok\u00f3j nie jest czym\u015b, co otrzymujemy w prezencie, ale stanem,kt\u00f3ry mo\u017cemy i powinni\u015bmy w sobie wypracowa\u0107 \u2014 nawet i zw\u0142aszcza wtedy, gdy nasze \u017cycie tonie w chaosie i jest pod ci\u0105g\u0142\u0105 presj\u0105.&#8221;<\/b><\/div>\n<p style=\"margin-right: 0px; margin-bottom: 1rem; margin-left: 0px; padding: 0px; color: #5c3a1e; line-height: 1.9; font-size: 0.98rem; font-family: Lora, Georgia, serif;\"><b>Nazywam si\u0119 Marek Grabowski i z ca\u0142ego serca zapraszam Ci\u0119 do miejsca, gdzie czas zwalnia i panuje spok\u00f3j.<\/b><\/p>\n<p style=\"margin-right: 0px; margin-bottom: 1rem; margin-left: 0px; padding: 0px; color: #5c3a1e; line-height: 1.9; font-size: 0.98rem; font-family: Lora, Georgia, serif;\"><span style=\"font-size: 0.98rem;\"><b>Moja historia to droga od wielkiego chaosu do g\u0142\u0119bokiej ciszy.<br>W 1997 roku prze\u017cy\u0142em ci\u0119\u017cki wypadek samochodowy, \u015bmier\u0107 kliniczn\u0105 i d\u0142ug\u0105 \u015bpi\u0105czk\u0119. By\u0142o bardzo ci\u0119\u017cko, jednak prze\u017cy\u0142em i sta\u0142em si\u0119 ju\u017c trwale niepe\u0142nosprawny ruchowo&#8230;<br>To graniczne do\u015bwiadczenie oraz wiele lat poruszania si\u0119 na w\u00f3zku inwalidzkim sta\u0142y si\u0119 moj\u0105 najtrudniejsz\u0105, ale i najcenniejsz\u0105 lekcj\u0105. Nauczy\u0142y mnie mi\u0119dzy innymi, \u017ce spok\u00f3j nie jest czym\u015b, co otrzymujemy w prezencie, ale stanem, kt\u00f3ry mo\u017cemy i powinni\u015bmy w sobie wypracowa\u0107 wtedy, gdy \u017cycie tonie w chaosie, a \u015bwiat zdaje si\u0119 wywr\u00f3cony do g\u00f3ry nogami.<\/b><\/span><\/p>\n<p style=\"margin-right: 0px; margin-bottom: 1rem; margin-left: 0px; padding: 0px; color: #5c3a1e; line-height: 1.9; font-size: 0.98rem; font-family: Lora, Georgia, serif;\"><span style=\"font-size: 0.98rem;\"><b>Z zawodu jestem cz\u0142owiekiem konkretu i precyzji. Przez ponad 30 lat pracowa\u0142em jako grafik komputerowy, redaktor techniczny i specjalista komputerowego przygotowywania publikacji do druku. To techniczne zaci\u0119cie sprawia, \u017ce w moich publikacjach z nurtu well-being, ani na tej stronie nie znajdziesz pustych hase\u0142 lub&nbsp; niewiele m\u00f3wi\u0105cych og\u00f3lnik\u00f3w.&nbsp;<\/b><\/span><\/p>\n<p style=\"margin-right: 0px; margin-bottom: 1rem; margin-left: 0px; padding: 0px; color: #5c3a1e; line-height: 1.9; font-size: 0.98rem; font-family: Lora, Georgia, serif;\"><span style=\"font-size: 0.98rem;\"><b>Poza prac\u0105 zawodow\u0105, podczas zg\u0142\u0119biania tajemnic medycyny chi\u0144skiej, technik medytacyjnych i psychologii alternatywnej, zawsze szuka\u0142em tylko tego, co naprawd\u0119 przynosi ulg\u0119, mam zatem zerow\u0105 tolerancj\u0119 dla \u201ewell-beingowej \u015bciemy&#8221;. Pisz\u0119 wy\u0142\u0105cznie o sprawdzonych, konkretnych metodach, kt\u00f3re sam przetestowa\u0142em w najbardziej wymagaj\u0105cych momentach mojego \u017cycia i kt\u00f3re znam z osobistego do\u015bwiadczenia.<\/b><\/span><\/p>\n<p style=\"margin-right: 0px; margin-bottom: 1rem; margin-left: 0px; padding: 0px; color: #5c3a1e; line-height: 1.9; font-size: 0.98rem; font-family: Lora, Georgia, serif;\"><span style=\"font-size: 0.98rem;\"><b>Dzisiaj \u0142\u0105cz\u0119 dusz\u0119 artysty \u2014 kocham muzyk\u0119 i fotografi\u0119 pejza\u017cow\u0105 \u2014 z do\u015bwiadczeniem cz\u0142owieka, kt\u00f3ry musia\u0142 zbudowa\u0107 sw\u00f3j \u015bwiat na nowo. Moim celem jest pom\u00f3c Ci odnale\u017a\u0107 Twoj\u0105 w\u0142asn\u0105, nienaruszaln\u0105 baz\u0119 spokoju. Bez zb\u0119dnego szumu, z ogromn\u0105 empati\u0105 i szacunkiem do Twojej w\u0142asnej drogi i Twojej odmienno\u015bci.<\/b><\/span><\/p>\n<p style=\"margin-right: 0px; margin-bottom: 1rem; margin-left: 0px; padding: 0px; color: #5c3a1e; line-height: 1.9; font-size: 0.98rem; font-family: Lora, Georgia, serif;\"><span style=\"color: inherit; font-family: inherit; font-size: 1.75rem; font-weight: 500;\"><i>Marek Grabowski<\/i><\/span><\/p>\t\t\t\t\t\t\t\t<\/div>\n\t\t\t\t<\/div>\n\t\t<div class=\"elementor-element elementor-element-1f38df5 e-con-full e-flex e-con e-child\" data-id=\"1f38df5\" data-element_type=\"container\" data-e-type=\"container\">\n\t\t\t\t<div class=\"elementor-element elementor-element-67e2ada elementor-widget elementor-widget-html\" data-id=\"67e2ada\" data-element_type=\"widget\" data-e-type=\"widget\" data-widget_type=\"html.default\">\n\t\t\t\t\t <hr noshade><div class=\"value-item\">\n          <h4>Autentyczno\u015b\u0107<\/h4>\n          <p><b><b>Ka\u017cdy tekst wynika z prawdziwego, cz\u0119sto bolesnego, do\u015bwiadczenia, a nie z pustej teorii,<\/b><\/p><p><\/p><hr noshade>\n        <\/div>\n        <div class=\"value-item\">\n          <h4>Empatia<\/h4>\n          <p>Wiem, co to znaczy nie mie\u0107 czasu dla siebie, \u017cy\u0107 w chronicznym zm\u0119czeniu \u2014 i jak to skutecznie prze\u0142ama\u0107,<\/p><p><\/p><hr noshade>\n        <\/div>\n        <div class=\"value-item\">\n          <h4>Praktyczno\u015b\u0107<\/h4>\n          <p>Znajdziesz tu wy\u0142\u0105cznie takie metody, kt\u00f3re dzia\u0142aj\u0105 w realnym, zapracowanym \u017cyciu.<\/p><hr noshade\n      <\/div>\n    <\/div>\n\t\t\t\t<\/div>\n\t\t\t\t<\/div>\n\t\t\t\t<\/div>\n\t\t\t\t<\/div>\n\t\t","protected":false},"excerpt":{"rendered":"<p>Autor publikacji Well-Being Marek Grabowski Tw\u00f3j Alchemik Spokoju \u00a0 Autor, kt\u00f3ry zamienia cisz\u0119 i spok\u00f3j w sztuk\u0119.\u00a0 &#8222;Pomagam zapracowanym osobom\u00a0odnale\u017a\u0107 wyciszenie, odpoczynek od z\u0142ych emocji i rado\u015b\u0107 \u2014 nawet wtedy\u00a0gdy ca\u0142y \u015bwiat wok\u00f3\u0142 pogania, a doba ma zbyt ma\u0142o godzin.&#8222; &#8222;Spok\u00f3j nie jest czym\u015b, co otrzymujemy w prezencie, ale stanem,kt\u00f3ry mo\u017cemy i powinni\u015bmy w sobie [&hellip;]<\/p>\n","protected":false},"author":1,"featured_media":0,"parent":0,"menu_order":0,"comment_status":"closed","ping_status":"closed","template":"elementor_header_footer","meta":{"_kadence_starter_templates_imported_post":false,"footnotes":""},"class_list":["post-16","page","type-page","status-publish","hentry"],"_links":{"self":[{"href":"https:\/\/marekgrabowski.pl\/index.php?rest_route=\/wp\/v2\/pages\/16","targetHints":{"allow":["GET"]}}],"collection":[{"href":"https:\/\/marekgrabowski.pl\/index.php?rest_route=\/wp\/v2\/pages"}],"about":[{"href":"https:\/\/marekgrabowski.pl\/index.php?rest_route=\/wp\/v2\/types\/page"}],"author":[{"embeddable":true,"href":"https:\/\/marekgrabowski.pl\/index.php?rest_route=\/wp\/v2\/users\/1"}],"replies":[{"embeddable":true,"href":"https:\/\/marekgrabowski.pl\/index.php?rest_route=%2Fwp%2Fv2%2Fcomments&post=16"}],"version-history":[{"count":449,"href":"https:\/\/marekgrabowski.pl\/index.php?rest_route=\/wp\/v2\/pages\/16\/revisions"}],"predecessor-version":[{"id":907,"href":"https:\/\/marekgrabowski.pl\/index.php?rest_route=\/wp\/v2\/pages\/16\/revisions\/907"}],"wp:attachment":[{"href":"https:\/\/marekgrabowski.pl\/index.php?rest_route=%2Fwp%2Fv2%2Fmedia&parent=16"}],"curies":[{"name":"wp","href":"https:\/\/api.w.org\/{rel}","templated":true}]}}