{"id":549,"date":"2026-03-18T07:29:46","date_gmt":"2026-03-18T07:29:46","guid":{"rendered":"https:\/\/marekgrabowski.pl\/?page_id=549"},"modified":"2026-03-25T12:38:25","modified_gmt":"2026-03-25T12:38:25","slug":"biblioteka","status":"publish","type":"page","link":"https:\/\/marekgrabowski.pl\/?page_id=549","title":{"rendered":"Biblioteka Spokoju"},"content":{"rendered":"\t\t<div data-elementor-type=\"wp-page\" data-elementor-id=\"549\" class=\"elementor elementor-549\" data-elementor-post-type=\"page\">\n\t\t\t\t<div class=\"elementor-element elementor-element-5e19468 e-flex e-con-boxed e-con e-parent\" data-id=\"5e19468\" data-element_type=\"container\" data-e-type=\"container\">\n\t\t\t\t\t<div class=\"e-con-inner\">\n\t\t\t\t\t<\/div>\n\t\t\t\t<\/div>\n\t\t<div class=\"elementor-element elementor-element-314415a e-con-full elementor-hidden-mobile e-flex e-con e-parent\" data-id=\"314415a\" data-element_type=\"container\" data-e-type=\"container\" data-settings=\"{&quot;background_background&quot;:&quot;classic&quot;}\">\n\t\t<div class=\"elementor-element elementor-element-848f86a e-con-full e-flex e-con e-child\" data-id=\"848f86a\" data-element_type=\"container\" data-e-type=\"container\">\n\t\t\t\t<div class=\"elementor-element elementor-element-9fef879 elementor-widget__width-initial elementor-widget elementor-widget-image\" data-id=\"9fef879\" data-element_type=\"widget\" data-e-type=\"widget\" data-widget_type=\"image.default\">\n\t\t\t\t\t\t\t\t\t\t\t\t\t\t\t<img fetchpriority=\"high\" decoding=\"async\" width=\"773\" height=\"1024\" src=\"https:\/\/marekgrabowski.pl\/wp-content\/uploads\/2026\/03\/Marek-Grabowski-kopia-773x1024.jpg\" class=\"attachment-large size-large wp-image-26\" alt=\"\" srcset=\"https:\/\/marekgrabowski.pl\/wp-content\/uploads\/2026\/03\/Marek-Grabowski-kopia-773x1024.jpg 773w, https:\/\/marekgrabowski.pl\/wp-content\/uploads\/2026\/03\/Marek-Grabowski-kopia-226x300.jpg 226w, https:\/\/marekgrabowski.pl\/wp-content\/uploads\/2026\/03\/Marek-Grabowski-kopia-768x1017.jpg 768w, https:\/\/marekgrabowski.pl\/wp-content\/uploads\/2026\/03\/Marek-Grabowski-kopia.jpg 952w\" sizes=\"(max-width: 773px) 100vw, 773px\" \/>\t\t\t\t\t\t\t\t\t\t\t\t\t\t\t<\/div>\n\t\t\t\t<\/div>\n\t\t<div class=\"elementor-element elementor-element-a0a332f e-con-full e-flex e-con e-child\" data-id=\"a0a332f\" data-element_type=\"container\" data-e-type=\"container\">\n\t\t\t\t<div class=\"elementor-element elementor-element-746f9d1 elementor-widget elementor-widget-heading\" data-id=\"746f9d1\" data-element_type=\"widget\" data-e-type=\"widget\" data-widget_type=\"heading.default\">\n\t\t\t\t\t<h2 class=\"elementor-heading-title elementor-size-default\">Autor publikacji Well-Being<\/h2>\t\t\t\t<\/div>\n\t\t\t\t<div class=\"elementor-element elementor-element-874956a elementor-widget elementor-widget-heading\" data-id=\"874956a\" data-element_type=\"widget\" data-e-type=\"widget\" data-widget_type=\"heading.default\">\n\t\t\t\t\t<h2 class=\"elementor-heading-title elementor-size-default\">Marek Grabowski<\/h2>\t\t\t\t<\/div>\n\t\t\t\t<div class=\"elementor-element elementor-element-a53c4f3 elementor-widget elementor-widget-heading\" data-id=\"a53c4f3\" data-element_type=\"widget\" data-e-type=\"widget\" data-widget_type=\"heading.default\">\n\t\t\t\t\t<h2 class=\"elementor-heading-title elementor-size-default\">Tw\u00f3j Alchemik Spokoju<\/h2>\t\t\t\t<\/div>\n\t\t\t\t<div class=\"elementor-element elementor-element-398cb8c elementor-widget elementor-widget-text-editor\" data-id=\"398cb8c\" data-element_type=\"widget\" data-e-type=\"widget\" data-widget_type=\"text-editor.default\">\n\t\t\t\t\t\t\t\t\t<p><b><br><\/b><\/p><p><b>Autor, kt\u00f3ry zamienia cisz\u0119 i spok\u00f3j w sztuk\u0119.&nbsp;<\/b><\/p>\n<p><span style=\"font-size: 1rem;\">&#8222;<i>Pomagam zapracowanym osobom&nbsp;<\/i><\/span><span style=\"font-size: 1rem;\"><i>odnale\u017a\u0107 wyciszenie, odpoczynek od z\u0142ych emocji i rado\u015b\u0107 \u2014 nawet wtedy&nbsp;<\/i><\/span><span style=\"font-size: 1rem;\"><i>gdy ca\u0142y \u015bwiat wok\u00f3\u0142 pogania, a doba ma zbyt ma\u0142o godzin.<\/i>&#8222;<\/span><\/p>\t\t\t\t\t\t\t\t<\/div>\n\t\t\t\t<\/div>\n\t\t\t\t<\/div>\n\t\t<div class=\"elementor-element elementor-element-a39e1a2 e-flex e-con-boxed e-con e-parent\" data-id=\"a39e1a2\" data-element_type=\"container\" data-e-type=\"container\">\n\t\t\t\t\t<div class=\"e-con-inner\">\n\t\t\t\t<div class=\"elementor-element elementor-element-86bcdee elementor-widget elementor-widget-spacer\" data-id=\"86bcdee\" data-element_type=\"widget\" data-e-type=\"widget\" data-widget_type=\"spacer.default\">\n\t\t\t\t\t\t\t<div class=\"elementor-spacer\">\n\t\t\t<div class=\"elementor-spacer-inner\"><\/div>\n\t\t<\/div>\n\t\t\t\t\t\t<\/div>\n\t\t\t\t\t<\/div>\n\t\t\t\t<\/div>\n\t\t<div class=\"elementor-element elementor-element-cc8f88b e-grid e-con-full e-con e-parent\" data-id=\"cc8f88b\" data-element_type=\"container\" data-e-type=\"container\" data-settings=\"{&quot;background_background&quot;:&quot;classic&quot;}\">\n\t\t\t\t<div class=\"elementor-element elementor-element-2e766e9 elementor-position-top elementor-widget elementor-widget-image-box\" data-id=\"2e766e9\" data-element_type=\"widget\" data-e-type=\"widget\" data-widget_type=\"image-box.default\">\n\t\t\t\t\t<div class=\"elementor-image-box-wrapper\"><figure class=\"elementor-image-box-img\"><a href=\"https:\/\/ebookpoint.pl\/ksiazki\/medytacja-2-0-wykorzystaj-sztuczna-inteligencje-by-osiagnac-spokoj-i-harmonie-marek-grabowski,s_0233.htm#format\/e\" tabindex=\"-1\" target=\"_blank\" rel=\"noopener\"><img decoding=\"async\" width=\"180\" height=\"256\" src=\"https:\/\/marekgrabowski.pl\/wp-content\/uploads\/2026\/03\/Medytacja-2.0.jpg\" class=\"attachment-full size-full wp-image-123\" alt=\"Medytacja 2.0\" \/><\/a><\/figure><div class=\"elementor-image-box-content\"><h3 class=\"elementor-image-box-title\"><a href=\"https:\/\/ebookpoint.pl\/ksiazki\/medytacja-2-0-wykorzystaj-sztuczna-inteligencje-by-osiagnac-spokoj-i-harmonie-marek-grabowski,s_0233.htm#format\/e\" target=\"_blank\" rel=\"noopener\">Medytacja 2.0<\/a><\/h3><p class=\"elementor-image-box-description\"><p class=\"book-subtitle\" style=\"margin: 0px 0px 0.55rem;padding: 0px;font-family: Lora, serif;font-size: 0.82rem;font-style: italic;line-height: 1.5;text-align: start\"><b>Wykorzystaj Sztuczn\u0105 Inteligencj\u0119, by Osi\u0105gn\u0105\u0107 Spok\u00f3j i Harmoni\u0119<\/b><\/p><p class=\"book-desc\" style=\"margin: 0px;padding: 0px;font-size: 0.85rem;line-height: 1.75;font-family: Lora, Georgia, serif;text-align: start\">Nowoczesne podej\u015bcie do medytacji dla tych, kt\u00f3rym tradycyjne metody wydaj\u0105 si\u0119 zbyt odleg\u0142e od codzienno\u015bci. Praktyczny przewodnik po wyciszeniu umys\u0142u \u2014 bez \u015bwiec, bez klasztoru, bez godzin siedzenia w ciszy.<\/p><\/p><\/div><\/div>\t\t\t\t<\/div>\n\t\t\t\t<div class=\"elementor-element elementor-element-1858848 elementor-position-top elementor-widget elementor-widget-image-box\" data-id=\"1858848\" data-element_type=\"widget\" data-e-type=\"widget\" data-widget_type=\"image-box.default\">\n\t\t\t\t\t<div class=\"elementor-image-box-wrapper\"><figure class=\"elementor-image-box-img\"><a href=\"https:\/\/ebookpoint.pl\/ksiazki\/madrze-pokochaj-siebie-poswiec-10-minut-dziennie-by-odmienic-swoje-zycie-marek-grabowski,s_027s.htm#format\/e\" tabindex=\"-1\" target=\"_blank\" rel=\"noopener\"><img decoding=\"async\" width=\"180\" height=\"249\" src=\"https:\/\/marekgrabowski.pl\/wp-content\/uploads\/2026\/03\/Madrze-pokochaj-siebie.jpg\" class=\"attachment-full size-full wp-image-127\" alt=\"\" \/><\/a><\/figure><div class=\"elementor-image-box-content\"><h3 class=\"elementor-image-box-title\"><a href=\"https:\/\/ebookpoint.pl\/ksiazki\/madrze-pokochaj-siebie-poswiec-10-minut-dziennie-by-odmienic-swoje-zycie-marek-grabowski,s_027s.htm#format\/e\" target=\"_blank\" rel=\"noopener\">M\u0105drze Pokochaj Siebie<\/a><\/h3><p class=\"elementor-image-box-description\"><p style=\"margin: 0px 0px 0.55rem;padding: 0px;font-family: Lora, serif;font-size: 0.82rem;font-style: italic;line-height: 1.5;text-align: start\"><b>Po\u015bwi\u0119\u0107 10 minut dziennie, by odmieni\u0107 swoje \u017cycie<\/b><\/p><p style=\"margin: 0px;padding: 0px;font-size: 0.85rem;line-height: 1.75;font-family: Lora, Georgia, serif;text-align: start\">Ksi\u0105\u017cka o \"mi\u0142o\u015bci w\u0142asnej\" bez popularnych pustych afirmacji. To g\u0142\u0119boka, uczciwa praca z sam\u0105 sob\u0105 \u2014 jak troszczy\u0107 si\u0119 o swoje potrzeby bez poczucia winy i jak stawia\u0107 granice.<\/p><\/p><\/div><\/div>\t\t\t\t<\/div>\n\t\t\t\t<div class=\"elementor-element elementor-element-6da80ff elementor-position-top elementor-widget elementor-widget-image-box\" data-id=\"6da80ff\" data-element_type=\"widget\" data-e-type=\"widget\" data-widget_type=\"image-box.default\">\n\t\t\t\t\t<div class=\"elementor-image-box-wrapper\"><figure class=\"elementor-image-box-img\"><a href=\"https:\/\/ebookpoint.pl\/ksiazki\/zeby-mi-sie-tak-chcialo-jak-bardzo-mi-sie-nie-chce-przewrotny-przewodnik-po-pracy-z-odwlekaniem-marek-grabowski,s_0267.htm#format\/e\" tabindex=\"-1\" target=\"_blank\" rel=\"noopener\"><img loading=\"lazy\" decoding=\"async\" width=\"180\" height=\"288\" src=\"https:\/\/marekgrabowski.pl\/wp-content\/uploads\/2026\/03\/Zeby-mi-sie-tak-chcialo-jak-bardzo-mi-sie-nie-chce.jpg\" class=\"attachment-full size-full wp-image-135\" alt=\"\" \/><\/a><\/figure><div class=\"elementor-image-box-content\"><h3 class=\"elementor-image-box-title\"><a href=\"https:\/\/ebookpoint.pl\/ksiazki\/zeby-mi-sie-tak-chcialo-jak-bardzo-mi-sie-nie-chce-przewrotny-przewodnik-po-pracy-z-odwlekaniem-marek-grabowski,s_0267.htm#format\/e\" target=\"_blank\" rel=\"noopener\">\u017beby Mi Si\u0119 Tak Chcia\u0142o, <br>Jak Bardzo Mi Si\u0119 Nie Chce<\/a><\/h3><p class=\"elementor-image-box-description\"><p class=\"book-subtitle\" style=\"margin: 0px 0px 0.55rem;padding: 0px;font-family: Lora, serif;font-size: 0.82rem;font-style: italic;line-height: 1.5;text-align: start\"><b>Przewrotny przewodnik po pracy z odwlekaniem<\/b><\/p><p class=\"book-desc\" style=\"margin: 0px;padding: 0px;font-size: 0.85rem;line-height: 1.75;font-family: Lora, Georgia, serif;text-align: start\">Szczera rozmowa o motywacji i prokrastynacji. Jak odzyska\u0107 energi\u0119 do \u017cycia, gdy wszystko wydaje si\u0119 zbyt ci\u0119\u017ckie? Odpowied\u017a jest bli\u017cej, ni\u017c my\u015blisz.<\/p><\/p><\/div><\/div>\t\t\t\t<\/div>\n\t\t\t\t<div class=\"elementor-element elementor-element-c31b113 elementor-position-top elementor-widget elementor-widget-image-box\" data-id=\"c31b113\" data-element_type=\"widget\" data-e-type=\"widget\" data-widget_type=\"image-box.default\">\n\t\t\t\t\t<div class=\"elementor-image-box-wrapper\"><figure class=\"elementor-image-box-img\"><a href=\"https:\/\/ebookpoint.pl\/ksiazki\/szybki-reset-albo-zwariuje-poradnik-dla-tych-co-nie-maja-kiedy-odpoczac-ale-nadal-wszystko-ogarni-marek-grabowski,s_029o.htm#format\/e\" tabindex=\"-1\" target=\"_blank\" rel=\"noopener\"><img loading=\"lazy\" decoding=\"async\" width=\"180\" height=\"249\" src=\"https:\/\/marekgrabowski.pl\/wp-content\/uploads\/2026\/03\/Szybki-reset-albo-zwariuje.jpg\" class=\"attachment-full size-full wp-image-131\" alt=\"\" \/><\/a><\/figure><div class=\"elementor-image-box-content\"><h3 class=\"elementor-image-box-title\"><a href=\"https:\/\/ebookpoint.pl\/ksiazki\/szybki-reset-albo-zwariuje-poradnik-dla-tych-co-nie-maja-kiedy-odpoczac-ale-nadal-wszystko-ogarni-marek-grabowski,s_029o.htm#format\/e\" target=\"_blank\" rel=\"noopener\">Szybki Reset Albo Zwariuj\u0119<\/a><\/h3><p class=\"elementor-image-box-description\"><p class=\"book-subtitle\" style=\"margin: 0px 0px 0.55rem;padding: 0px;font-family: Lora, serif;font-size: 0.82rem;font-style: italic;line-height: 1.5;text-align: start\"><b>Poradnik dla tych, co nie maj\u0105 kiedy odpocz\u0105\u0107, ale nadal wszystko ogarniaj\u0105<\/b><\/p><p class=\"book-desc\" style=\"margin: 0px;padding: 0px;font-size: 0.85rem;line-height: 1.75;font-family: Lora, Georgia, serif;text-align: start\">Dla tych chwil, gdy g\u0142owa jest pe\u0142na, nerwy s\u0105 napi\u0119te, a do ko\u0144ca dnia jeszcze daleko. Zestaw sprawdzonych technik natychmiastowego obni\u017cenia napi\u0119cia \u2014 dost\u0119pnych tu i teraz.<\/p><\/p><\/div><\/div>\t\t\t\t<\/div>\n\t\t\t\t<div class=\"elementor-element elementor-element-e5c9bad elementor-position-top elementor-widget elementor-widget-image-box\" data-id=\"e5c9bad\" data-element_type=\"widget\" data-e-type=\"widget\" data-widget_type=\"image-box.default\">\n\t\t\t\t\t<div class=\"elementor-image-box-wrapper\"><figure class=\"elementor-image-box-img\"><a href=\"https:\/\/ebookpoint.pl\/ksiazki\/dobry-sen-w-7-krokach-praktyczny-przewodnik-marek-grabowski,s_024y.htm#format\/e\" tabindex=\"-1\" target=\"_blank\" rel=\"noopener\"><img loading=\"lazy\" decoding=\"async\" width=\"180\" height=\"256\" src=\"https:\/\/marekgrabowski.pl\/wp-content\/uploads\/2026\/03\/Dobry-sen-w-7-krokach.jpg\" class=\"attachment-full size-full wp-image-136\" alt=\"Dobry sen w 7 krokach\" \/><\/a><\/figure><div class=\"elementor-image-box-content\"><h3 class=\"elementor-image-box-title\"><a href=\"https:\/\/ebookpoint.pl\/ksiazki\/dobry-sen-w-7-krokach-praktyczny-przewodnik-marek-grabowski,s_024y.htm#format\/e\" target=\"_blank\" rel=\"noopener\">Dobry Sen w 7 Krokach<\/a><\/h3><p class=\"elementor-image-box-description\"><p class=\"book-subtitle\" style=\"margin: 0px 0px 0.55rem;padding: 0px;font-family: Lora, serif;font-size: 0.82rem;font-style: italic;line-height: 1.5;text-align: start\"><b>Praktyczny przewodnik<\/b><\/p><p class=\"book-desc\" style=\"margin: 0px;padding: 0px;font-size: 0.85rem;line-height: 1.75;font-family: Lora, Georgia, serif;text-align: start\">Sen to fundament wszystkiego \u2014 nastroju, energii, zdrowia i spokoju. Siedem prostych krok\u00f3w do nocy, po kt\u00f3rych naprawd\u0119 wstajesz wypocz\u0119ta.<\/p><\/p><\/div><\/div>\t\t\t\t<\/div>\n\t\t\t\t<div class=\"elementor-element elementor-element-4cfbe95 elementor-position-top elementor-widget elementor-widget-image-box\" data-id=\"4cfbe95\" data-element_type=\"widget\" data-e-type=\"widget\" data-widget_type=\"image-box.default\">\n\t\t\t\t\t<div class=\"elementor-image-box-wrapper\"><figure class=\"elementor-image-box-img\"><a href=\"https:\/\/ebookpoint.pl\/ksiazki\/nie-ogarniam-i-co-z-tego-marek-grabowski,s_02c1.htm#format\/e\" tabindex=\"-1\" target=\"_blank\" rel=\"noopener\"><img loading=\"lazy\" decoding=\"async\" width=\"180\" height=\"249\" src=\"https:\/\/marekgrabowski.pl\/wp-content\/uploads\/2026\/03\/Nie-ogarniam.-I-co-z-tego.jpg\" class=\"attachment-full size-full wp-image-137\" alt=\"Nie ogarniam. I co z tego?\" \/><\/a><\/figure><div class=\"elementor-image-box-content\"><h3 class=\"elementor-image-box-title\"><a href=\"https:\/\/ebookpoint.pl\/ksiazki\/nie-ogarniam-i-co-z-tego-marek-grabowski,s_02c1.htm#format\/e\" target=\"_blank\" rel=\"noopener\">Nie Ogarniam! I Co z Tego?<\/a><\/h3><p class=\"elementor-image-box-description\"><p class=\"book-subtitle\" style=\"margin: 0px 0px 0.55rem;padding: 0px;font-family: Lora, serif;font-size: 0.82rem;font-style: italic;line-height: 1.5;text-align: start\"><b>Poradniki ratunkowe dla kobiet w trybie przetrwania<\/b><\/p><p class=\"book-desc\" style=\"margin: 0px;padding: 0px;font-size: 0.85rem;line-height: 1.75;font-family: Lora, Georgia, serif;text-align: start\">Kiedy lista zada\u0144 ro\u015bnie szybciej ni\u017c mo\u017cesz j\u0105 odhaczy\u0107 i czujesz, \u017ce wszyscy daj\u0105 rad\u0119, tylko nie Ty \u2014 ta ksi\u0105\u017cka pokazuje, jak wypl\u0105ta\u0107 si\u0119 z chaosu i zn\u00f3w oddycha\u0107 pe\u0142n\u0105 piersi\u0105.<\/p><\/p><\/div><\/div>\t\t\t\t<\/div>\n\t\t\t\t<\/div>\n\t\t\t\t<\/div>\n\t\t","protected":false},"excerpt":{"rendered":"<p>Autor publikacji Well-Being Marek Grabowski Tw\u00f3j Alchemik Spokoju Autor, kt\u00f3ry zamienia cisz\u0119 i spok\u00f3j w sztuk\u0119.&nbsp; &#8222;Pomagam zapracowanym osobom&nbsp;odnale\u017a\u0107 wyciszenie, odpoczynek od z\u0142ych emocji i rado\u015b\u0107 \u2014 nawet wtedy&nbsp;gdy ca\u0142y \u015bwiat wok\u00f3\u0142 pogania, a doba ma zbyt ma\u0142o godzin.&#8222; Medytacja 2.0 Wykorzystaj Sztuczn\u0105 Inteligencj\u0119, by Osi\u0105gn\u0105\u0107 Spok\u00f3j i Harmoni\u0119 Nowoczesne podej\u015bcie do medytacji dla tych, [&hellip;]<\/p>\n","protected":false},"author":1,"featured_media":0,"parent":0,"menu_order":0,"comment_status":"closed","ping_status":"closed","template":"","meta":{"_kadence_starter_templates_imported_post":false,"footnotes":""},"class_list":["post-549","page","type-page","status-publish","hentry"],"_links":{"self":[{"href":"https:\/\/marekgrabowski.pl\/index.php?rest_route=\/wp\/v2\/pages\/549","targetHints":{"allow":["GET"]}}],"collection":[{"href":"https:\/\/marekgrabowski.pl\/index.php?rest_route=\/wp\/v2\/pages"}],"about":[{"href":"https:\/\/marekgrabowski.pl\/index.php?rest_route=\/wp\/v2\/types\/page"}],"author":[{"embeddable":true,"href":"https:\/\/marekgrabowski.pl\/index.php?rest_route=\/wp\/v2\/users\/1"}],"replies":[{"embeddable":true,"href":"https:\/\/marekgrabowski.pl\/index.php?rest_route=%2Fwp%2Fv2%2Fcomments&post=549"}],"version-history":[{"count":89,"href":"https:\/\/marekgrabowski.pl\/index.php?rest_route=\/wp\/v2\/pages\/549\/revisions"}],"predecessor-version":[{"id":847,"href":"https:\/\/marekgrabowski.pl\/index.php?rest_route=\/wp\/v2\/pages\/549\/revisions\/847"}],"wp:attachment":[{"href":"https:\/\/marekgrabowski.pl\/index.php?rest_route=%2Fwp%2Fv2%2Fmedia&parent=549"}],"curies":[{"name":"wp","href":"https:\/\/api.w.org\/{rel}","templated":true}]}}